{"id":9,"date":"2025-11-04T11:08:17","date_gmt":"2025-11-04T11:08:17","guid":{"rendered":"https:\/\/mmi24d07.mmi-troyes.fr\/sae302\/?page_id=9"},"modified":"2025-12-19T14:16:14","modified_gmt":"2025-12-19T14:16:14","slug":"accueil","status":"publish","type":"page","link":"https:\/\/mmi24d07.mmi-troyes.fr\/sae302\/","title":{"rendered":"Accueil"},"content":{"rendered":"\t\t<div data-elementor-type=\"wp-page\" data-elementor-id=\"9\" class=\"elementor elementor-9\" data-elementor-post-type=\"page\">\n\t\t\t\t<div class=\"elementor-element elementor-element-f9a0919 e-con-full e-flex e-con e-parent\" data-id=\"f9a0919\" data-element_type=\"container\">\n\t\t<div class=\"elementor-element elementor-element-c6ef648 e-con-full e-flex e-con e-child\" data-id=\"c6ef648\" data-element_type=\"container\">\n\t\t\t\t<div class=\"elementor-element elementor-element-d29b2a0 elementor-widget elementor-widget-text-editor\" data-id=\"d29b2a0\" data-element_type=\"widget\" data-widget_type=\"text-editor.default\">\n\t\t\t\t\t\t\t\t\t<p>R\u00e9v\u00e9lez votre \u00e9clat naturel avec Lun\u00e9a Cosmetics<\/p>\t\t\t\t\t\t\t\t<\/div>\n\t\t\t\t<div class=\"elementor-element elementor-element-af33ca0 elementor-widget elementor-widget-text-editor\" data-id=\"af33ca0\" data-element_type=\"widget\" data-widget_type=\"text-editor.default\">\n\t\t\t\t\t\t\t\t\t<p>Des soins \u00e9l\u00e9gants, pens\u00e9s pour sublimer chaque beaut\u00e9.<\/p>\t\t\t\t\t\t\t\t<\/div>\n\t\t\t\t<\/div>\n\t\t\t\t<\/div>\n\t\t<div class=\"elementor-element elementor-element-cce7ca4 e-flex e-con-boxed e-con e-parent\" data-id=\"cce7ca4\" data-element_type=\"container\">\n\t\t\t\t\t<div class=\"e-con-inner\">\n\t\t\t\t<div class=\"elementor-element elementor-element-91c20eb elementor-widget elementor-widget-heading\" data-id=\"91c20eb\" data-element_type=\"widget\" data-widget_type=\"heading.default\">\n\t\t\t\t\t<h2 class=\"elementor-heading-title elementor-size-default\">Prestations r\u00e9alis\u00e9es avec nos produits :<\/h2>\t\t\t\t<\/div>\n\t\t\t\t\t<\/div>\n\t\t\t\t<\/div>\n\t\t<div class=\"elementor-element elementor-element-e658b34 e-flex e-con-boxed e-con e-parent\" data-id=\"e658b34\" data-element_type=\"container\">\n\t\t\t\t\t<div class=\"e-con-inner\">\n\t\t\t\t<div class=\"elementor-element elementor-element-9c79838 elementor-arrows-position-inside elementor-pagination-position-outside elementor-widget elementor-widget-image-carousel\" data-id=\"9c79838\" data-element_type=\"widget\" data-settings=\"{&quot;navigation&quot;:&quot;both&quot;,&quot;autoplay&quot;:&quot;yes&quot;,&quot;pause_on_hover&quot;:&quot;yes&quot;,&quot;pause_on_interaction&quot;:&quot;yes&quot;,&quot;autoplay_speed&quot;:5000,&quot;infinite&quot;:&quot;yes&quot;,&quot;speed&quot;:500}\" data-widget_type=\"image-carousel.default\">\n\t\t\t\t\t\t\t<div class=\"elementor-image-carousel-wrapper swiper\" role=\"region\" aria-roledescription=\"carousel\" aria-label=\"Image Carousel\" dir=\"ltr\">\n\t\t\t<div class=\"elementor-image-carousel swiper-wrapper\" aria-live=\"off\">\n\t\t\t\t\t\t\t\t<div class=\"swiper-slide\" role=\"group\" aria-roledescription=\"slide\" aria-label=\"1 of 5\"><figure class=\"swiper-slide-inner\"><img decoding=\"async\" class=\"swiper-slide-image\" src=\"https:\/\/mmi24d07.mmi-troyes.fr\/sae302\/wp-content\/uploads\/2025\/12\/914d0b8bfeea04079c89bdd6bbefdbe6-240x300.jpg\" alt=\"Pinky powder\" \/><figcaption class=\"elementor-image-carousel-caption\">Pinky powder<\/figcaption><\/figure><\/div><div class=\"swiper-slide\" role=\"group\" aria-roledescription=\"slide\" aria-label=\"2 of 5\"><figure class=\"swiper-slide-inner\"><img decoding=\"async\" class=\"swiper-slide-image\" src=\"https:\/\/mmi24d07.mmi-troyes.fr\/sae302\/wp-content\/uploads\/2025\/12\/6475704081cb7cf20cb491bc59d067f5-244x300.jpg\" alt=\"Born this way\" \/><figcaption class=\"elementor-image-carousel-caption\">Born this way<\/figcaption><\/figure><\/div><div class=\"swiper-slide\" role=\"group\" aria-roledescription=\"slide\" aria-label=\"3 of 5\"><figure class=\"swiper-slide-inner\"><img decoding=\"async\" class=\"swiper-slide-image\" src=\"https:\/\/mmi24d07.mmi-troyes.fr\/sae302\/wp-content\/uploads\/2025\/12\/fa91d03fe03706f56e3a19587f820b36-240x300.jpg\" alt=\"VELOUR LIPSTICK\" \/><figcaption class=\"elementor-image-carousel-caption\">VELOUR LIPSTICK<\/figcaption><\/figure><\/div><div class=\"swiper-slide\" role=\"group\" aria-roledescription=\"slide\" aria-label=\"4 of 5\"><figure class=\"swiper-slide-inner\"><img decoding=\"async\" class=\"swiper-slide-image\" src=\"https:\/\/mmi24d07.mmi-troyes.fr\/sae302\/wp-content\/uploads\/2025\/12\/aaf88698bfe13e5a473b4ff4927b0f93-241x300.jpg\" alt=\"Bad gyal bang\" \/><figcaption class=\"elementor-image-carousel-caption\">Bad gyal bang<\/figcaption><\/figure><\/div><div class=\"swiper-slide\" role=\"group\" aria-roledescription=\"slide\" aria-label=\"5 of 5\"><figure class=\"swiper-slide-inner\"><img decoding=\"async\" class=\"swiper-slide-image\" src=\"https:\/\/mmi24d07.mmi-troyes.fr\/sae302\/wp-content\/uploads\/2025\/12\/dc71f2951b61c59c7afca812112f12e6-240x300.jpg\" alt=\"8HR COLORFUL LIP LINER\" \/><figcaption class=\"elementor-image-carousel-caption\">8HR COLORFUL LIP LINER<\/figcaption><\/figure><\/div>\t\t\t<\/div>\n\t\t\t\t\t\t\t\t\t\t\t\t<div class=\"elementor-swiper-button elementor-swiper-button-prev\" role=\"button\" tabindex=\"0\">\n\t\t\t\t\t\t<svg aria-hidden=\"true\" class=\"e-font-icon-svg e-eicon-chevron-left\" viewBox=\"0 0 1000 1000\" xmlns=\"http:\/\/www.w3.org\/2000\/svg\"><path d=\"M646 125C629 125 613 133 604 142L308 442C296 454 292 471 292 487 292 504 296 521 308 533L604 854C617 867 629 875 646 875 663 875 679 871 692 858 704 846 713 829 713 812 713 796 708 779 692 767L438 487 692 225C700 217 708 204 708 187 708 171 704 154 692 142 675 129 663 125 646 125Z\"><\/path><\/svg>\t\t\t\t\t<\/div>\n\t\t\t\t\t<div class=\"elementor-swiper-button elementor-swiper-button-next\" role=\"button\" tabindex=\"0\">\n\t\t\t\t\t\t<svg aria-hidden=\"true\" class=\"e-font-icon-svg e-eicon-chevron-right\" viewBox=\"0 0 1000 1000\" xmlns=\"http:\/\/www.w3.org\/2000\/svg\"><path d=\"M696 533C708 521 713 504 713 487 713 471 708 454 696 446L400 146C388 133 375 125 354 125 338 125 325 129 313 142 300 154 292 171 292 187 292 204 296 221 308 233L563 492 304 771C292 783 288 800 288 817 288 833 296 850 308 863 321 871 338 875 354 875 371 875 388 867 400 854L696 533Z\"><\/path><\/svg>\t\t\t\t\t<\/div>\n\t\t\t\t\n\t\t\t\t\t\t\t\t\t<div class=\"swiper-pagination\"><\/div>\n\t\t\t\t\t\t\t\t\t<\/div>\n\t\t\t\t\t\t<\/div>\n\t\t\t\t\t<\/div>\n\t\t\t\t<\/div>\n\t\t<div class=\"elementor-element elementor-element-4a556a0 e-flex e-con-boxed e-con e-parent\" data-id=\"4a556a0\" data-element_type=\"container\">\n\t\t\t\t\t<div class=\"e-con-inner\">\n\t\t\t\t<div class=\"elementor-element elementor-element-f188c9d elementor-widget elementor-widget-heading\" data-id=\"f188c9d\" data-element_type=\"widget\" data-widget_type=\"heading.default\">\n\t\t\t\t\t<h2 class=\"elementor-heading-title elementor-size-default\">Nous rejoindre :<\/h2>\t\t\t\t<\/div>\n\t\t\t\t\t<\/div>\n\t\t\t\t<\/div>\n\t\t<div class=\"elementor-element elementor-element-557c652 e-flex e-con-boxed e-con e-parent\" data-id=\"557c652\" data-element_type=\"container\" data-settings=\"{&quot;background_background&quot;:&quot;classic&quot;}\">\n\t\t\t\t\t<div class=\"e-con-inner\">\n\t\t\t\t<div class=\"elementor-element elementor-element-63542bf elementor-widget elementor-widget-text-editor\" data-id=\"63542bf\" data-element_type=\"widget\" data-widget_type=\"text-editor.default\">\n\t\t\t\t\t\t\t\t\t<p>Rejoignez la communaut\u00e9 Lun\u00e9a et d\u00e9couvrez nos nouveaut\u00e9s.<\/p>\t\t\t\t\t\t\t\t<\/div>\n\t\t\t\t<div class=\"elementor-element elementor-element-2a325b1 elementor-widget elementor-widget-text-editor\" data-id=\"2a325b1\" data-element_type=\"widget\" data-widget_type=\"text-editor.default\">\n\t\t\t\t\t\t\t\t\t<p>Nous vous invitons \u00e0 vous inscrire \u00e0 notre newsletter pour recevoir chaque mois toutes les actualit\u00e9s de notre marque. Nouveaux produits, nouvelles tendances, retrouvez des articles, des conseils ainsi que des petites promotions, tout \u00e7a dans notre newsletter. Souscription gratuite et sans engagement.<\/p>\t\t\t\t\t\t\t\t<\/div>\n\t\t\t\t<div class=\"elementor-element elementor-element-67663e5 elementor-align-center elementor-widget elementor-widget-button\" data-id=\"67663e5\" data-element_type=\"widget\" data-widget_type=\"button.default\">\n\t\t\t\t\t\t\t\t\t\t<a class=\"elementor-button elementor-button-link elementor-size-sm\" href=\"https:\/\/mmi24d07.mmi-troyes.fr\/sae302\/contact\/\">\n\t\t\t\t\t\t<span class=\"elementor-button-content-wrapper\">\n\t\t\t\t\t\t\t\t\t<span class=\"elementor-button-text\">S'inscrire<\/span>\n\t\t\t\t\t<\/span>\n\t\t\t\t\t<\/a>\n\t\t\t\t\t\t\t\t<\/div>\n\t\t\t\t\t<\/div>\n\t\t\t\t<\/div>\n\t\t<div class=\"elementor-element elementor-element-ac2a772 e-flex e-con-boxed e-con e-parent\" data-id=\"ac2a772\" data-element_type=\"container\">\n\t\t\t\t\t<div class=\"e-con-inner\">\n\t\t\t\t<div class=\"elementor-element elementor-element-2064dd3 elementor-widget elementor-widget-heading\" data-id=\"2064dd3\" data-element_type=\"widget\" data-widget_type=\"heading.default\">\n\t\t\t\t\t<h2 class=\"elementor-heading-title elementor-size-default\">Nos valeurs :<\/h2>\t\t\t\t<\/div>\n\t\t\t\t\t<\/div>\n\t\t\t\t<\/div>\n\t\t<div class=\"elementor-element elementor-element-19023e4 e-flex e-con-boxed e-con e-parent\" data-id=\"19023e4\" data-element_type=\"container\">\n\t\t\t\t\t<div class=\"e-con-inner\">\n\t\t<div class=\"elementor-element elementor-element-4f501e8 e-con-full e-flex e-con e-child\" data-id=\"4f501e8\" data-element_type=\"container\">\n\t\t\t\t<div class=\"elementor-element elementor-element-8a8a0c6 elementor-widget elementor-widget-image\" data-id=\"8a8a0c6\" data-element_type=\"widget\" data-widget_type=\"image.default\">\n\t\t\t\t\t\t\t\t\t\t\t\t\t\t\t<img decoding=\"async\" width=\"199\" height=\"247\" src=\"https:\/\/mmi24d07.mmi-troyes.fr\/sae302\/wp-content\/uploads\/2025\/12\/Layer_1-1.png\" class=\"attachment-medium size-medium wp-image-604\" alt=\"\" \/>\t\t\t\t\t\t\t\t\t\t\t\t\t\t\t<\/div>\n\t\t\t\t<\/div>\n\t\t<div class=\"elementor-element elementor-element-a11f87f e-con-full e-flex e-con e-child\" data-id=\"a11f87f\" data-element_type=\"container\">\n\t\t\t\t<div class=\"elementor-element elementor-element-04835f1 elementor-widget elementor-widget-image\" data-id=\"04835f1\" data-element_type=\"widget\" data-widget_type=\"image.default\">\n\t\t\t\t\t\t\t\t\t\t\t\t\t\t\t<img fetchpriority=\"high\" decoding=\"async\" width=\"584\" height=\"542\" src=\"https:\/\/mmi24d07.mmi-troyes.fr\/sae302\/wp-content\/uploads\/2025\/12\/logo-dermato.png\" class=\"attachment-large size-large wp-image-602\" alt=\"\" srcset=\"https:\/\/mmi24d07.mmi-troyes.fr\/sae302\/wp-content\/uploads\/2025\/12\/logo-dermato.png 584w, https:\/\/mmi24d07.mmi-troyes.fr\/sae302\/wp-content\/uploads\/2025\/12\/logo-dermato-300x278.png 300w\" sizes=\"(max-width: 584px) 100vw, 584px\" \/>\t\t\t\t\t\t\t\t\t\t\t\t\t\t\t<\/div>\n\t\t\t\t<\/div>\n\t\t<div class=\"elementor-element elementor-element-e7bb5c7 e-con-full e-flex e-con e-child\" data-id=\"e7bb5c7\" data-element_type=\"container\">\n\t\t\t\t<div class=\"elementor-element elementor-element-df498de elementor-widget elementor-widget-image\" data-id=\"df498de\" data-element_type=\"widget\" data-widget_type=\"image.default\">\n\t\t\t\t\t\t\t\t\t\t\t\t\t\t\t<img decoding=\"async\" width=\"512\" height=\"512\" src=\"https:\/\/mmi24d07.mmi-troyes.fr\/sae302\/wp-content\/uploads\/2025\/12\/5997938.png\" class=\"attachment-large size-large wp-image-603\" alt=\"\" srcset=\"https:\/\/mmi24d07.mmi-troyes.fr\/sae302\/wp-content\/uploads\/2025\/12\/5997938.png 512w, https:\/\/mmi24d07.mmi-troyes.fr\/sae302\/wp-content\/uploads\/2025\/12\/5997938-300x300.png 300w, https:\/\/mmi24d07.mmi-troyes.fr\/sae302\/wp-content\/uploads\/2025\/12\/5997938-150x150.png 150w\" sizes=\"(max-width: 512px) 100vw, 512px\" \/>\t\t\t\t\t\t\t\t\t\t\t\t\t\t\t<\/div>\n\t\t\t\t<\/div>\n\t\t<div class=\"elementor-element elementor-element-fee8992 e-con-full e-flex e-con e-child\" data-id=\"fee8992\" data-element_type=\"container\">\n\t\t\t\t<div class=\"elementor-element elementor-element-764dc6b elementor-widget elementor-widget-image\" data-id=\"764dc6b\" data-element_type=\"widget\" data-widget_type=\"image.default\">\n\t\t\t\t\t\t\t\t\t\t\t\t\t\t\t<img loading=\"lazy\" decoding=\"async\" width=\"246\" height=\"307\" src=\"https:\/\/mmi24d07.mmi-troyes.fr\/sae302\/wp-content\/uploads\/2025\/12\/Group-1.png\" class=\"attachment-large size-large wp-image-337\" alt=\"\" srcset=\"https:\/\/mmi24d07.mmi-troyes.fr\/sae302\/wp-content\/uploads\/2025\/12\/Group-1.png 246w, https:\/\/mmi24d07.mmi-troyes.fr\/sae302\/wp-content\/uploads\/2025\/12\/Group-1-240x300.png 240w\" sizes=\"(max-width: 246px) 100vw, 246px\" \/>\t\t\t\t\t\t\t\t\t\t\t\t\t\t\t<\/div>\n\t\t\t\t<\/div>\n\t\t<div class=\"elementor-element elementor-element-81b6ec2 e-con-full e-flex e-con e-child\" data-id=\"81b6ec2\" data-element_type=\"container\">\n\t\t\t\t<div class=\"elementor-element elementor-element-2b76b66 elementor-widget elementor-widget-text-editor\" data-id=\"2b76b66\" data-element_type=\"widget\" data-widget_type=\"text-editor.default\">\n\t\t\t\t\t\t\t\t\t<p>Produits compos\u00e9s \u00e0 75% d\u2019ingr\u00e9dients naturels<\/p>\t\t\t\t\t\t\t\t<\/div>\n\t\t\t\t<\/div>\n\t\t<div class=\"elementor-element elementor-element-a7dc04d e-con-full e-flex e-con e-child\" data-id=\"a7dc04d\" data-element_type=\"container\">\n\t\t\t\t<div class=\"elementor-element elementor-element-fd42c6c elementor-widget elementor-widget-text-editor\" data-id=\"fd42c6c\" data-element_type=\"widget\" data-widget_type=\"text-editor.default\">\n\t\t\t\t\t\t\t\t\t<p>Produits test\u00e9s dermatologiquement<\/p>\t\t\t\t\t\t\t\t<\/div>\n\t\t\t\t<\/div>\n\t\t<div class=\"elementor-element elementor-element-d250727 e-con-full e-flex e-con e-child\" data-id=\"d250727\" data-element_type=\"container\">\n\t\t\t\t<div class=\"elementor-element elementor-element-50c263d elementor-widget__width-initial elementor-widget elementor-widget-text-editor\" data-id=\"50c263d\" data-element_type=\"widget\" data-widget_type=\"text-editor.default\">\n\t\t\t\t\t\t\t\t\t<p>Packadging bio d\u00e9gradables<\/p>\t\t\t\t\t\t\t\t<\/div>\n\t\t\t\t<\/div>\n\t\t<div class=\"elementor-element elementor-element-69379d6 e-con-full e-flex e-con e-child\" data-id=\"69379d6\" data-element_type=\"container\">\n\t\t\t\t<div class=\"elementor-element elementor-element-8d7f4da elementor-widget elementor-widget-text-editor\" data-id=\"8d7f4da\" data-element_type=\"widget\" data-widget_type=\"text-editor.default\">\n\t\t\t\t\t\t\t\t\t<p>Cosm\u00e9tiques non test\u00e9s sur les animaux<\/p>\t\t\t\t\t\t\t\t<\/div>\n\t\t\t\t<\/div>\n\t\t\t\t\t<\/div>\n\t\t\t\t<\/div>\n\t\t<div class=\"elementor-element elementor-element-b46709e e-flex e-con-boxed e-con e-parent\" data-id=\"b46709e\" data-element_type=\"container\">\n\t\t\t\t\t<div class=\"e-con-inner\">\n\t\t\t\t<div class=\"elementor-element elementor-element-adf2228 elementor-widget elementor-widget-text-editor\" data-id=\"adf2228\" data-element_type=\"widget\" data-widget_type=\"text-editor.default\">\n\t\t\t\t\t\t\t\t\t<p>\u00a0 \u00a0\u00a0<\/p>\t\t\t\t\t\t\t\t<\/div>\n\t\t\t\t\t<\/div>\n\t\t\t\t<\/div>\n\t\t\t\t<\/div>\n\t\t","protected":false},"excerpt":{"rendered":"<p>R\u00e9v\u00e9lez votre \u00e9clat naturel avec Lun\u00e9a Cosmetics Des soins \u00e9l\u00e9gants, pens\u00e9s pour sublimer chaque beaut\u00e9. Prestations r\u00e9alis\u00e9es avec nos produits : Pinky powder Born this way VELOUR LIPSTICK Bad gyal bang 8HR COLORFUL LIP LINER Nous rejoindre : Rejoignez la communaut\u00e9 Lun\u00e9a et d\u00e9couvrez nos nouveaut\u00e9s. Nous vous invitons \u00e0 vous inscrire \u00e0 notre newsletter [&hellip;]<\/p>\n","protected":false},"author":1,"featured_media":0,"parent":0,"menu_order":0,"comment_status":"closed","ping_status":"closed","template":"elementor_theme","meta":{"_acf_changed":false,"footnotes":""},"class_list":["post-9","page","type-page","status-publish","hentry"],"acf":[],"yoast_head":"<!-- This site is optimized with the Yoast SEO plugin v26.6 - https:\/\/yoast.com\/wordpress\/plugins\/seo\/ -->\n<title>Accueil - Site de Laur\u00e8ne<\/title>\n<meta name=\"robots\" content=\"index, follow, max-snippet:-1, max-image-preview:large, max-video-preview:-1\" \/>\n<link rel=\"canonical\" href=\"https:\/\/mmi24d07.mmi-troyes.fr\/sae302\/\" \/>\n<meta property=\"og:locale\" content=\"fr_FR\" \/>\n<meta property=\"og:type\" content=\"article\" \/>\n<meta property=\"og:title\" content=\"Accueil - Site de Laur\u00e8ne\" \/>\n<meta property=\"og:description\" content=\"R\u00e9v\u00e9lez votre \u00e9clat naturel avec Lun\u00e9a Cosmetics Des soins \u00e9l\u00e9gants, pens\u00e9s pour sublimer chaque beaut\u00e9. Prestations r\u00e9alis\u00e9es avec nos produits : Pinky powder Born this way VELOUR LIPSTICK Bad gyal bang 8HR COLORFUL LIP LINER Nous rejoindre : Rejoignez la communaut\u00e9 Lun\u00e9a et d\u00e9couvrez nos nouveaut\u00e9s. Nous vous invitons \u00e0 vous inscrire \u00e0 notre newsletter [&hellip;]\" \/>\n<meta property=\"og:url\" content=\"https:\/\/mmi24d07.mmi-troyes.fr\/sae302\/\" \/>\n<meta property=\"og:site_name\" content=\"Site de Laur\u00e8ne\" \/>\n<meta property=\"article:modified_time\" content=\"2025-12-19T14:16:14+00:00\" \/>\n<meta property=\"og:image\" content=\"https:\/\/mmi24d07.mmi-troyes.fr\/sae302\/wp-content\/uploads\/2025\/12\/914d0b8bfeea04079c89bdd6bbefdbe6-240x300.jpg\" \/>\n<meta name=\"twitter:card\" content=\"summary_large_image\" \/>\n<meta name=\"twitter:label1\" content=\"Est. reading time\" \/>\n\t<meta name=\"twitter:data1\" content=\"3 minutes\" \/>\n<script type=\"application\/ld+json\" class=\"yoast-schema-graph\">{\"@context\":\"https:\/\/schema.org\",\"@graph\":[{\"@type\":\"WebPage\",\"@id\":\"https:\/\/mmi24d07.mmi-troyes.fr\/sae302\/\",\"url\":\"https:\/\/mmi24d07.mmi-troyes.fr\/sae302\/\",\"name\":\"Accueil - Site de Laur\u00e8ne\",\"isPartOf\":{\"@id\":\"https:\/\/mmi24d07.mmi-troyes.fr\/sae302\/#website\"},\"primaryImageOfPage\":{\"@id\":\"https:\/\/mmi24d07.mmi-troyes.fr\/sae302\/#primaryimage\"},\"image\":{\"@id\":\"https:\/\/mmi24d07.mmi-troyes.fr\/sae302\/#primaryimage\"},\"thumbnailUrl\":\"https:\/\/mmi24d07.mmi-troyes.fr\/sae302\/wp-content\/uploads\/2025\/12\/914d0b8bfeea04079c89bdd6bbefdbe6-240x300.jpg\",\"datePublished\":\"2025-11-04T11:08:17+00:00\",\"dateModified\":\"2025-12-19T14:16:14+00:00\",\"breadcrumb\":{\"@id\":\"https:\/\/mmi24d07.mmi-troyes.fr\/sae302\/#breadcrumb\"},\"inLanguage\":\"fr-FR\",\"potentialAction\":[{\"@type\":\"ReadAction\",\"target\":[\"https:\/\/mmi24d07.mmi-troyes.fr\/sae302\/\"]}]},{\"@type\":\"ImageObject\",\"inLanguage\":\"fr-FR\",\"@id\":\"https:\/\/mmi24d07.mmi-troyes.fr\/sae302\/#primaryimage\",\"url\":\"https:\/\/mmi24d07.mmi-troyes.fr\/sae302\/wp-content\/uploads\/2025\/12\/914d0b8bfeea04079c89bdd6bbefdbe6.jpg\",\"contentUrl\":\"https:\/\/mmi24d07.mmi-troyes.fr\/sae302\/wp-content\/uploads\/2025\/12\/914d0b8bfeea04079c89bdd6bbefdbe6.jpg\",\"width\":736,\"height\":920,\"caption\":\"Pinky powder\"},{\"@type\":\"BreadcrumbList\",\"@id\":\"https:\/\/mmi24d07.mmi-troyes.fr\/sae302\/#breadcrumb\",\"itemListElement\":[{\"@type\":\"ListItem\",\"position\":1,\"name\":\"Home\",\"item\":\"https:\/\/mmi24d07.mmi-troyes.fr\/sae302\/\"},{\"@type\":\"ListItem\",\"position\":2,\"name\":\"Accueil\"}]},{\"@type\":\"WebSite\",\"@id\":\"https:\/\/mmi24d07.mmi-troyes.fr\/sae302\/#website\",\"url\":\"https:\/\/mmi24d07.mmi-troyes.fr\/sae302\/\",\"name\":\"Site de Laur\u00e8ne\",\"description\":\"\",\"publisher\":{\"@id\":\"https:\/\/mmi24d07.mmi-troyes.fr\/sae302\/#organization\"},\"potentialAction\":[{\"@type\":\"SearchAction\",\"target\":{\"@type\":\"EntryPoint\",\"urlTemplate\":\"https:\/\/mmi24d07.mmi-troyes.fr\/sae302\/?s={search_term_string}\"},\"query-input\":{\"@type\":\"PropertyValueSpecification\",\"valueRequired\":true,\"valueName\":\"search_term_string\"}}],\"inLanguage\":\"fr-FR\"},{\"@type\":\"Organization\",\"@id\":\"https:\/\/mmi24d07.mmi-troyes.fr\/sae302\/#organization\",\"name\":\"Site de Laur\u00e8ne\",\"url\":\"https:\/\/mmi24d07.mmi-troyes.fr\/sae302\/\",\"logo\":{\"@type\":\"ImageObject\",\"inLanguage\":\"fr-FR\",\"@id\":\"https:\/\/mmi24d07.mmi-troyes.fr\/sae302\/#\/schema\/logo\/image\/\",\"url\":\"https:\/\/mmi24d07.mmi-troyes.fr\/sae302\/wp-content\/uploads\/2025\/11\/logo-lunea-2-scaled.png\",\"contentUrl\":\"https:\/\/mmi24d07.mmi-troyes.fr\/sae302\/wp-content\/uploads\/2025\/11\/logo-lunea-2-scaled.png\",\"width\":2560,\"height\":2560,\"caption\":\"Site de Laur\u00e8ne\"},\"image\":{\"@id\":\"https:\/\/mmi24d07.mmi-troyes.fr\/sae302\/#\/schema\/logo\/image\/\"}}]}<\/script>\n<!-- \/ Yoast SEO plugin. -->","yoast_head_json":{"title":"Accueil - Site de Laur\u00e8ne","robots":{"index":"index","follow":"follow","max-snippet":"max-snippet:-1","max-image-preview":"max-image-preview:large","max-video-preview":"max-video-preview:-1"},"canonical":"https:\/\/mmi24d07.mmi-troyes.fr\/sae302\/","og_locale":"fr_FR","og_type":"article","og_title":"Accueil - Site de Laur\u00e8ne","og_description":"R\u00e9v\u00e9lez votre \u00e9clat naturel avec Lun\u00e9a Cosmetics Des soins \u00e9l\u00e9gants, pens\u00e9s pour sublimer chaque beaut\u00e9. Prestations r\u00e9alis\u00e9es avec nos produits : Pinky powder Born this way VELOUR LIPSTICK Bad gyal bang 8HR COLORFUL LIP LINER Nous rejoindre : Rejoignez la communaut\u00e9 Lun\u00e9a et d\u00e9couvrez nos nouveaut\u00e9s. Nous vous invitons \u00e0 vous inscrire \u00e0 notre newsletter [&hellip;]","og_url":"https:\/\/mmi24d07.mmi-troyes.fr\/sae302\/","og_site_name":"Site de Laur\u00e8ne","article_modified_time":"2025-12-19T14:16:14+00:00","og_image":[{"url":"https:\/\/mmi24d07.mmi-troyes.fr\/sae302\/wp-content\/uploads\/2025\/12\/914d0b8bfeea04079c89bdd6bbefdbe6-240x300.jpg","type":"","width":"","height":""}],"twitter_card":"summary_large_image","twitter_misc":{"Est. reading time":"3 minutes"},"schema":{"@context":"https:\/\/schema.org","@graph":[{"@type":"WebPage","@id":"https:\/\/mmi24d07.mmi-troyes.fr\/sae302\/","url":"https:\/\/mmi24d07.mmi-troyes.fr\/sae302\/","name":"Accueil - Site de Laur\u00e8ne","isPartOf":{"@id":"https:\/\/mmi24d07.mmi-troyes.fr\/sae302\/#website"},"primaryImageOfPage":{"@id":"https:\/\/mmi24d07.mmi-troyes.fr\/sae302\/#primaryimage"},"image":{"@id":"https:\/\/mmi24d07.mmi-troyes.fr\/sae302\/#primaryimage"},"thumbnailUrl":"https:\/\/mmi24d07.mmi-troyes.fr\/sae302\/wp-content\/uploads\/2025\/12\/914d0b8bfeea04079c89bdd6bbefdbe6-240x300.jpg","datePublished":"2025-11-04T11:08:17+00:00","dateModified":"2025-12-19T14:16:14+00:00","breadcrumb":{"@id":"https:\/\/mmi24d07.mmi-troyes.fr\/sae302\/#breadcrumb"},"inLanguage":"fr-FR","potentialAction":[{"@type":"ReadAction","target":["https:\/\/mmi24d07.mmi-troyes.fr\/sae302\/"]}]},{"@type":"ImageObject","inLanguage":"fr-FR","@id":"https:\/\/mmi24d07.mmi-troyes.fr\/sae302\/#primaryimage","url":"https:\/\/mmi24d07.mmi-troyes.fr\/sae302\/wp-content\/uploads\/2025\/12\/914d0b8bfeea04079c89bdd6bbefdbe6.jpg","contentUrl":"https:\/\/mmi24d07.mmi-troyes.fr\/sae302\/wp-content\/uploads\/2025\/12\/914d0b8bfeea04079c89bdd6bbefdbe6.jpg","width":736,"height":920,"caption":"Pinky powder"},{"@type":"BreadcrumbList","@id":"https:\/\/mmi24d07.mmi-troyes.fr\/sae302\/#breadcrumb","itemListElement":[{"@type":"ListItem","position":1,"name":"Home","item":"https:\/\/mmi24d07.mmi-troyes.fr\/sae302\/"},{"@type":"ListItem","position":2,"name":"Accueil"}]},{"@type":"WebSite","@id":"https:\/\/mmi24d07.mmi-troyes.fr\/sae302\/#website","url":"https:\/\/mmi24d07.mmi-troyes.fr\/sae302\/","name":"Site de Laur\u00e8ne","description":"","publisher":{"@id":"https:\/\/mmi24d07.mmi-troyes.fr\/sae302\/#organization"},"potentialAction":[{"@type":"SearchAction","target":{"@type":"EntryPoint","urlTemplate":"https:\/\/mmi24d07.mmi-troyes.fr\/sae302\/?s={search_term_string}"},"query-input":{"@type":"PropertyValueSpecification","valueRequired":true,"valueName":"search_term_string"}}],"inLanguage":"fr-FR"},{"@type":"Organization","@id":"https:\/\/mmi24d07.mmi-troyes.fr\/sae302\/#organization","name":"Site de Laur\u00e8ne","url":"https:\/\/mmi24d07.mmi-troyes.fr\/sae302\/","logo":{"@type":"ImageObject","inLanguage":"fr-FR","@id":"https:\/\/mmi24d07.mmi-troyes.fr\/sae302\/#\/schema\/logo\/image\/","url":"https:\/\/mmi24d07.mmi-troyes.fr\/sae302\/wp-content\/uploads\/2025\/11\/logo-lunea-2-scaled.png","contentUrl":"https:\/\/mmi24d07.mmi-troyes.fr\/sae302\/wp-content\/uploads\/2025\/11\/logo-lunea-2-scaled.png","width":2560,"height":2560,"caption":"Site de Laur\u00e8ne"},"image":{"@id":"https:\/\/mmi24d07.mmi-troyes.fr\/sae302\/#\/schema\/logo\/image\/"}}]}},"_links":{"self":[{"href":"https:\/\/mmi24d07.mmi-troyes.fr\/sae302\/wp-json\/wp\/v2\/pages\/9","targetHints":{"allow":["GET"]}}],"collection":[{"href":"https:\/\/mmi24d07.mmi-troyes.fr\/sae302\/wp-json\/wp\/v2\/pages"}],"about":[{"href":"https:\/\/mmi24d07.mmi-troyes.fr\/sae302\/wp-json\/wp\/v2\/types\/page"}],"author":[{"embeddable":true,"href":"https:\/\/mmi24d07.mmi-troyes.fr\/sae302\/wp-json\/wp\/v2\/users\/1"}],"replies":[{"embeddable":true,"href":"https:\/\/mmi24d07.mmi-troyes.fr\/sae302\/wp-json\/wp\/v2\/comments?post=9"}],"version-history":[{"count":109,"href":"https:\/\/mmi24d07.mmi-troyes.fr\/sae302\/wp-json\/wp\/v2\/pages\/9\/revisions"}],"predecessor-version":[{"id":771,"href":"https:\/\/mmi24d07.mmi-troyes.fr\/sae302\/wp-json\/wp\/v2\/pages\/9\/revisions\/771"}],"wp:attachment":[{"href":"https:\/\/mmi24d07.mmi-troyes.fr\/sae302\/wp-json\/wp\/v2\/media?parent=9"}],"curies":[{"name":"wp","href":"https:\/\/api.w.org\/{rel}","templated":true}]}}