{"id":128,"date":"2025-11-17T12:40:22","date_gmt":"2025-11-17T12:40:22","guid":{"rendered":"https:\/\/mmi24d07.mmi-troyes.fr\/sae302\/?page_id=128"},"modified":"2025-12-19T12:15:40","modified_gmt":"2025-12-19T12:15:40","slug":"politique-de-confidentialite","status":"publish","type":"page","link":"https:\/\/mmi24d07.mmi-troyes.fr\/sae302\/politique-de-confidentialite\/","title":{"rendered":"Politique de confidentialit\u00e9"},"content":{"rendered":"\t\t<div data-elementor-type=\"wp-page\" data-elementor-id=\"128\" class=\"elementor elementor-128\" data-elementor-post-type=\"page\">\n\t\t\t\t<div class=\"elementor-element elementor-element-d8cf463 e-flex e-con-boxed e-con e-parent\" data-id=\"d8cf463\" data-element_type=\"container\">\n\t\t\t\t\t<div class=\"e-con-inner\">\n\t\t\t\t<div class=\"elementor-element elementor-element-58d6ccb elementor-widget elementor-widget-heading\" data-id=\"58d6ccb\" data-element_type=\"widget\" data-widget_type=\"heading.default\">\n\t\t\t\t\t<h2 class=\"elementor-heading-title elementor-size-default\">Politique des cookies<\/h2>\t\t\t\t<\/div>\n\t\t\t\t<div class=\"elementor-element elementor-element-96b9934 elementor-widget elementor-widget-text-editor\" data-id=\"96b9934\" data-element_type=\"widget\" data-widget_type=\"text-editor.default\">\n\t\t\t\t\t\t\t\t\t<h2>1. Qu\u2019est-ce qu\u2019un cookie ?<\/h2><p>Un cookie est un petit fichier texte d\u00e9pos\u00e9 sur votre terminal (ordinateur, tablette, smartphone) lors de la consultation d\u2019un site internet. Il permet notamment de collecter des informations relatives \u00e0 votre navigation.<\/p><div><hr \/><\/div><h2>2. Cookies utilis\u00e9s sur ce site<\/h2><p>Le site peut utiliser les types de cookies suivants :<\/p><ul data-spread=\"false\"><li><p><strong>Cookies strictement n\u00e9cessaires<\/strong> : indispensables au bon fonctionnement du site<\/p><\/li><li><p><strong>Cookies de mesure d\u2019audience<\/strong> : permettent d\u2019analyser la fr\u00e9quentation et les performances du site (ex. Google Analytics)<\/p><\/li><li><p><strong>Cookies fonctionnels<\/strong> : am\u00e9liorent l\u2019exp\u00e9rience utilisateur<\/p><\/li><\/ul><div><hr \/><\/div><h2>3. Gestion des cookies<\/h2><p>Lors de votre premi\u00e8re visite, un bandeau vous informe de l\u2019utilisation des cookies et vous permet d\u2019accepter ou de refuser leur d\u00e9p\u00f4t.<\/p><p>Vous pouvez \u00e9galement configurer votre navigateur pour refuser ou supprimer les cookies \u00e0 tout moment.<\/p><div><hr \/><\/div><h2>4. Dur\u00e9e de conservation<\/h2><p>Les cookies sont conserv\u00e9s pour une dur\u00e9e maximale de <strong>13 mois<\/strong>, conform\u00e9ment \u00e0 la r\u00e9glementation en vigueur.<\/p><div><hr \/><\/div><h2>5. Donn\u00e9es personnelles<\/h2><p>Les donn\u00e9es collect\u00e9es via les cookies ne sont en aucun cas revendues \u00e0 des tiers. Elles sont uniquement utilis\u00e9es \u00e0 des fins statistiques ou pour am\u00e9liorer l\u2019exp\u00e9rience utilisateur.<\/p><div><hr \/><\/div><h2>6. Contact<\/h2><p>Pour toute question concernant les mentions l\u00e9gales ou la politique des cookies, vous pouvez nous contacter \u00e0 l\u2019adresse suivante :<\/p><p>\ud83d\udce7 laurene.henriot@etudiant.univ-reims.fr<\/p><p>\u00a0<\/p><p>\u00a0<\/p>\t\t\t\t\t\t\t\t<\/div>\n\t\t\t\t\t<\/div>\n\t\t\t\t<\/div>\n\t\t\t\t<\/div>\n\t\t","protected":false},"excerpt":{"rendered":"<p>Politique des cookies 1. Qu\u2019est-ce qu\u2019un cookie ? Un cookie est un petit fichier texte d\u00e9pos\u00e9 sur votre terminal (ordinateur, tablette, smartphone) lors de la consultation d\u2019un site internet. Il permet notamment de collecter des informations relatives \u00e0 votre navigation. 2. Cookies utilis\u00e9s sur ce site Le site peut utiliser les types de cookies suivants [&hellip;]<\/p>\n","protected":false},"author":1,"featured_media":0,"parent":0,"menu_order":0,"comment_status":"closed","ping_status":"closed","template":"","meta":{"_acf_changed":false,"footnotes":""},"class_list":["post-128","page","type-page","status-publish","hentry"],"acf":[],"yoast_head":"<!-- This site is optimized with the Yoast SEO plugin v26.6 - https:\/\/yoast.com\/wordpress\/plugins\/seo\/ -->\n<title>Politique de confidentialit\u00e9 - Site de Laur\u00e8ne<\/title>\n<meta name=\"robots\" content=\"index, follow, max-snippet:-1, max-image-preview:large, max-video-preview:-1\" \/>\n<link rel=\"canonical\" href=\"https:\/\/mmi24d07.mmi-troyes.fr\/sae302\/politique-de-confidentialite\/\" \/>\n<meta property=\"og:locale\" content=\"fr_FR\" \/>\n<meta property=\"og:type\" content=\"article\" \/>\n<meta property=\"og:title\" content=\"Politique de confidentialit\u00e9 - Site de Laur\u00e8ne\" \/>\n<meta property=\"og:description\" content=\"Politique des cookies 1. Qu\u2019est-ce qu\u2019un cookie ? Un cookie est un petit fichier texte d\u00e9pos\u00e9 sur votre terminal (ordinateur, tablette, smartphone) lors de la consultation d\u2019un site internet. Il permet notamment de collecter des informations relatives \u00e0 votre navigation. 2. Cookies utilis\u00e9s sur ce site Le site peut utiliser les types de cookies suivants [&hellip;]\" \/>\n<meta property=\"og:url\" content=\"https:\/\/mmi24d07.mmi-troyes.fr\/sae302\/politique-de-confidentialite\/\" \/>\n<meta property=\"og:site_name\" content=\"Site de Laur\u00e8ne\" \/>\n<meta property=\"article:modified_time\" content=\"2025-12-19T12:15:40+00:00\" \/>\n<meta name=\"twitter:card\" content=\"summary_large_image\" \/>\n<meta name=\"twitter:label1\" content=\"Est. reading time\" \/>\n\t<meta name=\"twitter:data1\" content=\"2 minutes\" \/>\n<script type=\"application\/ld+json\" class=\"yoast-schema-graph\">{\"@context\":\"https:\/\/schema.org\",\"@graph\":[{\"@type\":\"WebPage\",\"@id\":\"https:\/\/mmi24d07.mmi-troyes.fr\/sae302\/politique-de-confidentialite\/\",\"url\":\"https:\/\/mmi24d07.mmi-troyes.fr\/sae302\/politique-de-confidentialite\/\",\"name\":\"Politique de confidentialit\u00e9 - Site de Laur\u00e8ne\",\"isPartOf\":{\"@id\":\"https:\/\/mmi24d07.mmi-troyes.fr\/sae302\/#website\"},\"datePublished\":\"2025-11-17T12:40:22+00:00\",\"dateModified\":\"2025-12-19T12:15:40+00:00\",\"breadcrumb\":{\"@id\":\"https:\/\/mmi24d07.mmi-troyes.fr\/sae302\/politique-de-confidentialite\/#breadcrumb\"},\"inLanguage\":\"fr-FR\",\"potentialAction\":[{\"@type\":\"ReadAction\",\"target\":[\"https:\/\/mmi24d07.mmi-troyes.fr\/sae302\/politique-de-confidentialite\/\"]}]},{\"@type\":\"BreadcrumbList\",\"@id\":\"https:\/\/mmi24d07.mmi-troyes.fr\/sae302\/politique-de-confidentialite\/#breadcrumb\",\"itemListElement\":[{\"@type\":\"ListItem\",\"position\":1,\"name\":\"Home\",\"item\":\"https:\/\/mmi24d07.mmi-troyes.fr\/sae302\/\"},{\"@type\":\"ListItem\",\"position\":2,\"name\":\"Politique de confidentialit\u00e9\"}]},{\"@type\":\"WebSite\",\"@id\":\"https:\/\/mmi24d07.mmi-troyes.fr\/sae302\/#website\",\"url\":\"https:\/\/mmi24d07.mmi-troyes.fr\/sae302\/\",\"name\":\"Site de Laur\u00e8ne\",\"description\":\"\",\"publisher\":{\"@id\":\"https:\/\/mmi24d07.mmi-troyes.fr\/sae302\/#organization\"},\"potentialAction\":[{\"@type\":\"SearchAction\",\"target\":{\"@type\":\"EntryPoint\",\"urlTemplate\":\"https:\/\/mmi24d07.mmi-troyes.fr\/sae302\/?s={search_term_string}\"},\"query-input\":{\"@type\":\"PropertyValueSpecification\",\"valueRequired\":true,\"valueName\":\"search_term_string\"}}],\"inLanguage\":\"fr-FR\"},{\"@type\":\"Organization\",\"@id\":\"https:\/\/mmi24d07.mmi-troyes.fr\/sae302\/#organization\",\"name\":\"Site de Laur\u00e8ne\",\"url\":\"https:\/\/mmi24d07.mmi-troyes.fr\/sae302\/\",\"logo\":{\"@type\":\"ImageObject\",\"inLanguage\":\"fr-FR\",\"@id\":\"https:\/\/mmi24d07.mmi-troyes.fr\/sae302\/#\/schema\/logo\/image\/\",\"url\":\"https:\/\/mmi24d07.mmi-troyes.fr\/sae302\/wp-content\/uploads\/2025\/11\/logo-lunea-2-scaled.png\",\"contentUrl\":\"https:\/\/mmi24d07.mmi-troyes.fr\/sae302\/wp-content\/uploads\/2025\/11\/logo-lunea-2-scaled.png\",\"width\":2560,\"height\":2560,\"caption\":\"Site de Laur\u00e8ne\"},\"image\":{\"@id\":\"https:\/\/mmi24d07.mmi-troyes.fr\/sae302\/#\/schema\/logo\/image\/\"}}]}<\/script>\n<!-- \/ Yoast SEO plugin. -->","yoast_head_json":{"title":"Politique de confidentialit\u00e9 - Site de Laur\u00e8ne","robots":{"index":"index","follow":"follow","max-snippet":"max-snippet:-1","max-image-preview":"max-image-preview:large","max-video-preview":"max-video-preview:-1"},"canonical":"https:\/\/mmi24d07.mmi-troyes.fr\/sae302\/politique-de-confidentialite\/","og_locale":"fr_FR","og_type":"article","og_title":"Politique de confidentialit\u00e9 - Site de Laur\u00e8ne","og_description":"Politique des cookies 1. Qu\u2019est-ce qu\u2019un cookie ? Un cookie est un petit fichier texte d\u00e9pos\u00e9 sur votre terminal (ordinateur, tablette, smartphone) lors de la consultation d\u2019un site internet. Il permet notamment de collecter des informations relatives \u00e0 votre navigation. 2. Cookies utilis\u00e9s sur ce site Le site peut utiliser les types de cookies suivants [&hellip;]","og_url":"https:\/\/mmi24d07.mmi-troyes.fr\/sae302\/politique-de-confidentialite\/","og_site_name":"Site de Laur\u00e8ne","article_modified_time":"2025-12-19T12:15:40+00:00","twitter_card":"summary_large_image","twitter_misc":{"Est. reading time":"2 minutes"},"schema":{"@context":"https:\/\/schema.org","@graph":[{"@type":"WebPage","@id":"https:\/\/mmi24d07.mmi-troyes.fr\/sae302\/politique-de-confidentialite\/","url":"https:\/\/mmi24d07.mmi-troyes.fr\/sae302\/politique-de-confidentialite\/","name":"Politique de confidentialit\u00e9 - Site de Laur\u00e8ne","isPartOf":{"@id":"https:\/\/mmi24d07.mmi-troyes.fr\/sae302\/#website"},"datePublished":"2025-11-17T12:40:22+00:00","dateModified":"2025-12-19T12:15:40+00:00","breadcrumb":{"@id":"https:\/\/mmi24d07.mmi-troyes.fr\/sae302\/politique-de-confidentialite\/#breadcrumb"},"inLanguage":"fr-FR","potentialAction":[{"@type":"ReadAction","target":["https:\/\/mmi24d07.mmi-troyes.fr\/sae302\/politique-de-confidentialite\/"]}]},{"@type":"BreadcrumbList","@id":"https:\/\/mmi24d07.mmi-troyes.fr\/sae302\/politique-de-confidentialite\/#breadcrumb","itemListElement":[{"@type":"ListItem","position":1,"name":"Home","item":"https:\/\/mmi24d07.mmi-troyes.fr\/sae302\/"},{"@type":"ListItem","position":2,"name":"Politique de confidentialit\u00e9"}]},{"@type":"WebSite","@id":"https:\/\/mmi24d07.mmi-troyes.fr\/sae302\/#website","url":"https:\/\/mmi24d07.mmi-troyes.fr\/sae302\/","name":"Site de Laur\u00e8ne","description":"","publisher":{"@id":"https:\/\/mmi24d07.mmi-troyes.fr\/sae302\/#organization"},"potentialAction":[{"@type":"SearchAction","target":{"@type":"EntryPoint","urlTemplate":"https:\/\/mmi24d07.mmi-troyes.fr\/sae302\/?s={search_term_string}"},"query-input":{"@type":"PropertyValueSpecification","valueRequired":true,"valueName":"search_term_string"}}],"inLanguage":"fr-FR"},{"@type":"Organization","@id":"https:\/\/mmi24d07.mmi-troyes.fr\/sae302\/#organization","name":"Site de Laur\u00e8ne","url":"https:\/\/mmi24d07.mmi-troyes.fr\/sae302\/","logo":{"@type":"ImageObject","inLanguage":"fr-FR","@id":"https:\/\/mmi24d07.mmi-troyes.fr\/sae302\/#\/schema\/logo\/image\/","url":"https:\/\/mmi24d07.mmi-troyes.fr\/sae302\/wp-content\/uploads\/2025\/11\/logo-lunea-2-scaled.png","contentUrl":"https:\/\/mmi24d07.mmi-troyes.fr\/sae302\/wp-content\/uploads\/2025\/11\/logo-lunea-2-scaled.png","width":2560,"height":2560,"caption":"Site de Laur\u00e8ne"},"image":{"@id":"https:\/\/mmi24d07.mmi-troyes.fr\/sae302\/#\/schema\/logo\/image\/"}}]}},"_links":{"self":[{"href":"https:\/\/mmi24d07.mmi-troyes.fr\/sae302\/wp-json\/wp\/v2\/pages\/128","targetHints":{"allow":["GET"]}}],"collection":[{"href":"https:\/\/mmi24d07.mmi-troyes.fr\/sae302\/wp-json\/wp\/v2\/pages"}],"about":[{"href":"https:\/\/mmi24d07.mmi-troyes.fr\/sae302\/wp-json\/wp\/v2\/types\/page"}],"author":[{"embeddable":true,"href":"https:\/\/mmi24d07.mmi-troyes.fr\/sae302\/wp-json\/wp\/v2\/users\/1"}],"replies":[{"embeddable":true,"href":"https:\/\/mmi24d07.mmi-troyes.fr\/sae302\/wp-json\/wp\/v2\/comments?post=128"}],"version-history":[{"count":7,"href":"https:\/\/mmi24d07.mmi-troyes.fr\/sae302\/wp-json\/wp\/v2\/pages\/128\/revisions"}],"predecessor-version":[{"id":702,"href":"https:\/\/mmi24d07.mmi-troyes.fr\/sae302\/wp-json\/wp\/v2\/pages\/128\/revisions\/702"}],"wp:attachment":[{"href":"https:\/\/mmi24d07.mmi-troyes.fr\/sae302\/wp-json\/wp\/v2\/media?parent=128"}],"curies":[{"name":"wp","href":"https:\/\/api.w.org\/{rel}","templated":true}]}}