{"id":122,"date":"2025-11-17T12:38:46","date_gmt":"2025-11-17T12:38:46","guid":{"rendered":"https:\/\/mmi24d07.mmi-troyes.fr\/sae302\/?page_id=122"},"modified":"2025-12-19T13:30:27","modified_gmt":"2025-12-19T13:30:27","slug":"contact","status":"publish","type":"page","link":"https:\/\/mmi24d07.mmi-troyes.fr\/sae302\/contact\/","title":{"rendered":"Contact"},"content":{"rendered":"\t\t<div data-elementor-type=\"wp-page\" data-elementor-id=\"122\" class=\"elementor elementor-122\" data-elementor-post-type=\"page\">\n\t\t\t\t<div class=\"elementor-element elementor-element-a68f72a e-flex e-con-boxed e-con e-parent\" data-id=\"a68f72a\" data-element_type=\"container\">\n\t\t\t\t\t<div class=\"e-con-inner\">\n\t\t<div class=\"elementor-element elementor-element-ac1987b e-con-full e-flex e-con e-child\" data-id=\"ac1987b\" data-element_type=\"container\">\n\t\t<div class=\"elementor-element elementor-element-8a64a90 e-con-full e-flex e-con e-child\" data-id=\"8a64a90\" data-element_type=\"container\">\n\t\t<div class=\"elementor-element elementor-element-fef43ac e-con-full e-flex e-con e-child\" data-id=\"fef43ac\" data-element_type=\"container\">\n\t\t\t\t<div class=\"elementor-element elementor-element-f6cfb8a elementor-widget elementor-widget-text-editor\" data-id=\"f6cfb8a\" data-element_type=\"widget\" data-widget_type=\"text-editor.default\">\n\t\t\t\t\t\t\t\t\t<p>Une question ? Notre \u00e9quipe est \u00e0 votre \u00e9coute.<\/p>\t\t\t\t\t\t\t\t<\/div>\n\t\t\t\t<div class=\"elementor-element elementor-element-8a4fa41 elementor-widget elementor-widget-text-editor\" data-id=\"8a4fa41\" data-element_type=\"widget\" data-widget_type=\"text-editor.default\">\n\t\t\t\t\t\t\t\t\t<p>Des contenus pens\u00e9s pour vous accompagner dans votre routine beaut\u00e9.<\/p>\t\t\t\t\t\t\t\t<\/div>\n\t\t\t\t<\/div>\n\t\t\t\t<\/div>\n\t\t\t\t<\/div>\n\t\t\t\t\t<\/div>\n\t\t\t\t<\/div>\n\t\t<div class=\"elementor-element elementor-element-e470431 e-flex e-con-boxed e-con e-parent\" data-id=\"e470431\" data-element_type=\"container\">\n\t\t\t\t\t<div class=\"e-con-inner\">\n\t\t<div class=\"elementor-element elementor-element-ccefd08 e-con-full e-flex e-con e-child\" data-id=\"ccefd08\" data-element_type=\"container\">\n\t\t\t\t<div class=\"elementor-element elementor-element-ebe7837 elementor-widget elementor-widget-heading\" data-id=\"ebe7837\" data-element_type=\"widget\" data-widget_type=\"heading.default\">\n\t\t\t\t\t<h2 class=\"elementor-heading-title elementor-size-default\">Contactez-nous<\/h2>\t\t\t\t<\/div>\n\t\t\t\t<div class=\"elementor-element elementor-element-8c09050 elementor-widget elementor-widget-text-editor\" data-id=\"8c09050\" data-element_type=\"widget\" data-widget_type=\"text-editor.default\">\n\t\t\t\t\t\t\t\t\t<p>contact@luneacosmetics.fr<\/p><p>03.04.05.06.07<\/p>\t\t\t\t\t\t\t\t<\/div>\n\t\t\t\t<\/div>\n\t\t<div class=\"elementor-element elementor-element-f4c72e1 e-con-full e-flex e-con e-child\" data-id=\"f4c72e1\" data-element_type=\"container\">\n\t\t\t\t<div class=\"elementor-element elementor-element-870abd0 elementor-button-align-stretch elementor-widget elementor-widget-form\" data-id=\"870abd0\" data-element_type=\"widget\" data-settings=\"{&quot;step_next_label&quot;:&quot;Next&quot;,&quot;step_previous_label&quot;:&quot;Previous&quot;,&quot;button_width&quot;:&quot;100&quot;,&quot;step_type&quot;:&quot;number_text&quot;,&quot;step_icon_shape&quot;:&quot;circle&quot;}\" data-widget_type=\"form.default\">\n\t\t\t\t\t\t\t<form class=\"elementor-form\" method=\"post\" name=\"New Form\" aria-label=\"New Form\">\n\t\t\t<input type=\"hidden\" name=\"post_id\" value=\"122\"\/>\n\t\t\t<input type=\"hidden\" name=\"form_id\" value=\"870abd0\"\/>\n\t\t\t<input type=\"hidden\" name=\"referer_title\" value=\"Contact - Site de Laur\u00e8ne\" \/>\n\n\t\t\t\t\t\t\t<input type=\"hidden\" name=\"queried_id\" value=\"122\"\/>\n\t\t\t\n\t\t\t<div class=\"elementor-form-fields-wrapper elementor-labels-above\">\n\t\t\t\t\t\t\t\t<div class=\"elementor-field-type-text elementor-field-group elementor-column elementor-field-group-name elementor-col-50\">\n\t\t\t\t\t\t\t\t\t\t\t\t<label for=\"form-field-name\" class=\"elementor-field-label\">\n\t\t\t\t\t\t\t\tNom\t\t\t\t\t\t\t<\/label>\n\t\t\t\t\t\t\t\t\t\t\t\t\t\t<input size=\"1\" type=\"text\" name=\"form_fields[name]\" id=\"form-field-name\" class=\"elementor-field elementor-size-md  elementor-field-textual\">\n\t\t\t\t\t\t\t\t\t\t\t<\/div>\n\t\t\t\t\t\t\t\t<div class=\"elementor-field-type-text elementor-field-group elementor-column elementor-field-group-Prenom elementor-col-50\">\n\t\t\t\t\t\t\t\t\t\t\t\t<label for=\"form-field-Prenom\" class=\"elementor-field-label\">\n\t\t\t\t\t\t\t\tPr\u00e9nom\t\t\t\t\t\t\t<\/label>\n\t\t\t\t\t\t\t\t\t\t\t\t\t\t<input size=\"1\" type=\"text\" name=\"form_fields[Prenom]\" id=\"form-field-Prenom\" class=\"elementor-field elementor-size-md  elementor-field-textual\">\n\t\t\t\t\t\t\t\t\t\t\t<\/div>\n\t\t\t\t\t\t\t\t<div class=\"elementor-field-type-email elementor-field-group elementor-column elementor-field-group-email elementor-col-50 elementor-field-required\">\n\t\t\t\t\t\t\t\t\t\t\t\t<label for=\"form-field-email\" class=\"elementor-field-label\">\n\t\t\t\t\t\t\t\tEmail\t\t\t\t\t\t\t<\/label>\n\t\t\t\t\t\t\t\t\t\t\t\t\t\t<input size=\"1\" type=\"email\" name=\"form_fields[email]\" id=\"form-field-email\" class=\"elementor-field elementor-size-md  elementor-field-textual\" required=\"required\">\n\t\t\t\t\t\t\t\t\t\t\t<\/div>\n\t\t\t\t\t\t\t\t<div class=\"elementor-field-type-text elementor-field-group elementor-column elementor-field-group-field_f21a923 elementor-col-50\">\n\t\t\t\t\t\t\t\t\t\t\t\t<label for=\"form-field-field_f21a923\" class=\"elementor-field-label\">\n\t\t\t\t\t\t\t\tObjet\t\t\t\t\t\t\t<\/label>\n\t\t\t\t\t\t\t\t\t\t\t\t\t\t<input size=\"1\" type=\"text\" name=\"form_fields[field_f21a923]\" id=\"form-field-field_f21a923\" class=\"elementor-field elementor-size-md  elementor-field-textual\">\n\t\t\t\t\t\t\t\t\t\t\t<\/div>\n\t\t\t\t\t\t\t\t<div class=\"elementor-field-type-textarea elementor-field-group elementor-column elementor-field-group-message elementor-col-100\">\n\t\t\t\t\t\t\t\t\t\t\t\t<label for=\"form-field-message\" class=\"elementor-field-label\">\n\t\t\t\t\t\t\t\tMessage\t\t\t\t\t\t\t<\/label>\n\t\t\t\t\t\t<textarea class=\"elementor-field-textual elementor-field  elementor-size-md\" name=\"form_fields[message]\" id=\"form-field-message\" rows=\"4\"><\/textarea>\t\t\t\t<\/div>\n\t\t\t\t\t\t\t\t<div class=\"elementor-field-group elementor-column elementor-field-type-submit elementor-col-100 e-form__buttons\">\n\t\t\t\t\t<button class=\"elementor-button elementor-size-sm\" type=\"submit\">\n\t\t\t\t\t\t<span class=\"elementor-button-content-wrapper\">\n\t\t\t\t\t\t\t\t\t\t\t\t\t\t\t\t\t\t\t\t\t\t<span class=\"elementor-button-text\">Envoyer<\/span>\n\t\t\t\t\t\t\t\t\t\t\t\t\t<\/span>\n\t\t\t\t\t<\/button>\n\t\t\t\t<\/div>\n\t\t\t<\/div>\n\t\t<\/form>\n\t\t\t\t\t\t<\/div>\n\t\t\t\t<\/div>\n\t\t\t\t\t<\/div>\n\t\t\t\t<\/div>\n\t\t\t\t<\/div>\n\t\t","protected":false},"excerpt":{"rendered":"<p>Une question ? Notre \u00e9quipe est \u00e0 votre \u00e9coute. Des contenus pens\u00e9s pour vous accompagner dans votre routine beaut\u00e9. Contactez-nous contact@luneacosmetics.fr 03.04.05.06.07<\/p>\n","protected":false},"author":1,"featured_media":0,"parent":0,"menu_order":0,"comment_status":"closed","ping_status":"closed","template":"","meta":{"_acf_changed":false,"footnotes":""},"class_list":["post-122","page","type-page","status-publish","hentry"],"acf":[],"yoast_head":"<!-- This site is optimized with the Yoast SEO plugin v26.6 - https:\/\/yoast.com\/wordpress\/plugins\/seo\/ -->\n<title>Contact - Site de Laur\u00e8ne<\/title>\n<meta name=\"robots\" content=\"index, follow, max-snippet:-1, max-image-preview:large, max-video-preview:-1\" \/>\n<link rel=\"canonical\" href=\"https:\/\/mmi24d07.mmi-troyes.fr\/sae302\/contact\/\" \/>\n<meta property=\"og:locale\" content=\"fr_FR\" \/>\n<meta property=\"og:type\" content=\"article\" \/>\n<meta property=\"og:title\" content=\"Contact - Site de Laur\u00e8ne\" \/>\n<meta property=\"og:description\" content=\"Une question ? Notre \u00e9quipe est \u00e0 votre \u00e9coute. Des contenus pens\u00e9s pour vous accompagner dans votre routine beaut\u00e9. Contactez-nous contact@luneacosmetics.fr 03.04.05.06.07\" \/>\n<meta property=\"og:url\" content=\"https:\/\/mmi24d07.mmi-troyes.fr\/sae302\/contact\/\" \/>\n<meta property=\"og:site_name\" content=\"Site de Laur\u00e8ne\" \/>\n<meta property=\"article:modified_time\" content=\"2025-12-19T13:30:27+00:00\" \/>\n<meta name=\"twitter:card\" content=\"summary_large_image\" \/>\n<meta name=\"twitter:label1\" content=\"Est. reading time\" \/>\n\t<meta name=\"twitter:data1\" content=\"1 minute\" \/>\n<script type=\"application\/ld+json\" class=\"yoast-schema-graph\">{\"@context\":\"https:\/\/schema.org\",\"@graph\":[{\"@type\":\"WebPage\",\"@id\":\"https:\/\/mmi24d07.mmi-troyes.fr\/sae302\/contact\/\",\"url\":\"https:\/\/mmi24d07.mmi-troyes.fr\/sae302\/contact\/\",\"name\":\"Contact - Site de Laur\u00e8ne\",\"isPartOf\":{\"@id\":\"https:\/\/mmi24d07.mmi-troyes.fr\/sae302\/#website\"},\"datePublished\":\"2025-11-17T12:38:46+00:00\",\"dateModified\":\"2025-12-19T13:30:27+00:00\",\"breadcrumb\":{\"@id\":\"https:\/\/mmi24d07.mmi-troyes.fr\/sae302\/contact\/#breadcrumb\"},\"inLanguage\":\"fr-FR\",\"potentialAction\":[{\"@type\":\"ReadAction\",\"target\":[\"https:\/\/mmi24d07.mmi-troyes.fr\/sae302\/contact\/\"]}]},{\"@type\":\"BreadcrumbList\",\"@id\":\"https:\/\/mmi24d07.mmi-troyes.fr\/sae302\/contact\/#breadcrumb\",\"itemListElement\":[{\"@type\":\"ListItem\",\"position\":1,\"name\":\"Home\",\"item\":\"https:\/\/mmi24d07.mmi-troyes.fr\/sae302\/\"},{\"@type\":\"ListItem\",\"position\":2,\"name\":\"Contact\"}]},{\"@type\":\"WebSite\",\"@id\":\"https:\/\/mmi24d07.mmi-troyes.fr\/sae302\/#website\",\"url\":\"https:\/\/mmi24d07.mmi-troyes.fr\/sae302\/\",\"name\":\"Site de Laur\u00e8ne\",\"description\":\"\",\"publisher\":{\"@id\":\"https:\/\/mmi24d07.mmi-troyes.fr\/sae302\/#organization\"},\"potentialAction\":[{\"@type\":\"SearchAction\",\"target\":{\"@type\":\"EntryPoint\",\"urlTemplate\":\"https:\/\/mmi24d07.mmi-troyes.fr\/sae302\/?s={search_term_string}\"},\"query-input\":{\"@type\":\"PropertyValueSpecification\",\"valueRequired\":true,\"valueName\":\"search_term_string\"}}],\"inLanguage\":\"fr-FR\"},{\"@type\":\"Organization\",\"@id\":\"https:\/\/mmi24d07.mmi-troyes.fr\/sae302\/#organization\",\"name\":\"Site de Laur\u00e8ne\",\"url\":\"https:\/\/mmi24d07.mmi-troyes.fr\/sae302\/\",\"logo\":{\"@type\":\"ImageObject\",\"inLanguage\":\"fr-FR\",\"@id\":\"https:\/\/mmi24d07.mmi-troyes.fr\/sae302\/#\/schema\/logo\/image\/\",\"url\":\"https:\/\/mmi24d07.mmi-troyes.fr\/sae302\/wp-content\/uploads\/2025\/11\/logo-lunea-2-scaled.png\",\"contentUrl\":\"https:\/\/mmi24d07.mmi-troyes.fr\/sae302\/wp-content\/uploads\/2025\/11\/logo-lunea-2-scaled.png\",\"width\":2560,\"height\":2560,\"caption\":\"Site de Laur\u00e8ne\"},\"image\":{\"@id\":\"https:\/\/mmi24d07.mmi-troyes.fr\/sae302\/#\/schema\/logo\/image\/\"}}]}<\/script>\n<!-- \/ Yoast SEO plugin. -->","yoast_head_json":{"title":"Contact - Site de Laur\u00e8ne","robots":{"index":"index","follow":"follow","max-snippet":"max-snippet:-1","max-image-preview":"max-image-preview:large","max-video-preview":"max-video-preview:-1"},"canonical":"https:\/\/mmi24d07.mmi-troyes.fr\/sae302\/contact\/","og_locale":"fr_FR","og_type":"article","og_title":"Contact - Site de Laur\u00e8ne","og_description":"Une question ? Notre \u00e9quipe est \u00e0 votre \u00e9coute. Des contenus pens\u00e9s pour vous accompagner dans votre routine beaut\u00e9. Contactez-nous contact@luneacosmetics.fr 03.04.05.06.07","og_url":"https:\/\/mmi24d07.mmi-troyes.fr\/sae302\/contact\/","og_site_name":"Site de Laur\u00e8ne","article_modified_time":"2025-12-19T13:30:27+00:00","twitter_card":"summary_large_image","twitter_misc":{"Est. reading time":"1 minute"},"schema":{"@context":"https:\/\/schema.org","@graph":[{"@type":"WebPage","@id":"https:\/\/mmi24d07.mmi-troyes.fr\/sae302\/contact\/","url":"https:\/\/mmi24d07.mmi-troyes.fr\/sae302\/contact\/","name":"Contact - Site de Laur\u00e8ne","isPartOf":{"@id":"https:\/\/mmi24d07.mmi-troyes.fr\/sae302\/#website"},"datePublished":"2025-11-17T12:38:46+00:00","dateModified":"2025-12-19T13:30:27+00:00","breadcrumb":{"@id":"https:\/\/mmi24d07.mmi-troyes.fr\/sae302\/contact\/#breadcrumb"},"inLanguage":"fr-FR","potentialAction":[{"@type":"ReadAction","target":["https:\/\/mmi24d07.mmi-troyes.fr\/sae302\/contact\/"]}]},{"@type":"BreadcrumbList","@id":"https:\/\/mmi24d07.mmi-troyes.fr\/sae302\/contact\/#breadcrumb","itemListElement":[{"@type":"ListItem","position":1,"name":"Home","item":"https:\/\/mmi24d07.mmi-troyes.fr\/sae302\/"},{"@type":"ListItem","position":2,"name":"Contact"}]},{"@type":"WebSite","@id":"https:\/\/mmi24d07.mmi-troyes.fr\/sae302\/#website","url":"https:\/\/mmi24d07.mmi-troyes.fr\/sae302\/","name":"Site de Laur\u00e8ne","description":"","publisher":{"@id":"https:\/\/mmi24d07.mmi-troyes.fr\/sae302\/#organization"},"potentialAction":[{"@type":"SearchAction","target":{"@type":"EntryPoint","urlTemplate":"https:\/\/mmi24d07.mmi-troyes.fr\/sae302\/?s={search_term_string}"},"query-input":{"@type":"PropertyValueSpecification","valueRequired":true,"valueName":"search_term_string"}}],"inLanguage":"fr-FR"},{"@type":"Organization","@id":"https:\/\/mmi24d07.mmi-troyes.fr\/sae302\/#organization","name":"Site de Laur\u00e8ne","url":"https:\/\/mmi24d07.mmi-troyes.fr\/sae302\/","logo":{"@type":"ImageObject","inLanguage":"fr-FR","@id":"https:\/\/mmi24d07.mmi-troyes.fr\/sae302\/#\/schema\/logo\/image\/","url":"https:\/\/mmi24d07.mmi-troyes.fr\/sae302\/wp-content\/uploads\/2025\/11\/logo-lunea-2-scaled.png","contentUrl":"https:\/\/mmi24d07.mmi-troyes.fr\/sae302\/wp-content\/uploads\/2025\/11\/logo-lunea-2-scaled.png","width":2560,"height":2560,"caption":"Site de Laur\u00e8ne"},"image":{"@id":"https:\/\/mmi24d07.mmi-troyes.fr\/sae302\/#\/schema\/logo\/image\/"}}]}},"_links":{"self":[{"href":"https:\/\/mmi24d07.mmi-troyes.fr\/sae302\/wp-json\/wp\/v2\/pages\/122","targetHints":{"allow":["GET"]}}],"collection":[{"href":"https:\/\/mmi24d07.mmi-troyes.fr\/sae302\/wp-json\/wp\/v2\/pages"}],"about":[{"href":"https:\/\/mmi24d07.mmi-troyes.fr\/sae302\/wp-json\/wp\/v2\/types\/page"}],"author":[{"embeddable":true,"href":"https:\/\/mmi24d07.mmi-troyes.fr\/sae302\/wp-json\/wp\/v2\/users\/1"}],"replies":[{"embeddable":true,"href":"https:\/\/mmi24d07.mmi-troyes.fr\/sae302\/wp-json\/wp\/v2\/comments?post=122"}],"version-history":[{"count":33,"href":"https:\/\/mmi24d07.mmi-troyes.fr\/sae302\/wp-json\/wp\/v2\/pages\/122\/revisions"}],"predecessor-version":[{"id":721,"href":"https:\/\/mmi24d07.mmi-troyes.fr\/sae302\/wp-json\/wp\/v2\/pages\/122\/revisions\/721"}],"wp:attachment":[{"href":"https:\/\/mmi24d07.mmi-troyes.fr\/sae302\/wp-json\/wp\/v2\/media?parent=122"}],"curies":[{"name":"wp","href":"https:\/\/api.w.org\/{rel}","templated":true}]}}