{"id":120,"date":"2025-11-17T12:38:33","date_gmt":"2025-11-17T12:38:33","guid":{"rendered":"https:\/\/mmi24d07.mmi-troyes.fr\/sae302\/?page_id=120"},"modified":"2025-12-19T13:29:08","modified_gmt":"2025-12-19T13:29:08","slug":"infos","status":"publish","type":"page","link":"https:\/\/mmi24d07.mmi-troyes.fr\/sae302\/infos\/","title":{"rendered":"Infos"},"content":{"rendered":"\t\t<div data-elementor-type=\"wp-page\" data-elementor-id=\"120\" class=\"elementor elementor-120\" data-elementor-post-type=\"page\">\n\t\t\t\t<div class=\"elementor-element elementor-element-f356271 e-flex e-con-boxed e-con e-parent\" data-id=\"f356271\" data-element_type=\"container\">\n\t\t\t\t\t<div class=\"e-con-inner\">\n\t\t<div class=\"elementor-element elementor-element-1ee0790 e-con-full e-flex e-con e-child\" data-id=\"1ee0790\" data-element_type=\"container\">\n\t\t<div class=\"elementor-element elementor-element-7d6a661 e-con-full e-flex e-con e-child\" data-id=\"7d6a661\" data-element_type=\"container\">\n\t\t\t\t<div class=\"elementor-element elementor-element-f860ec2 elementor-widget elementor-widget-text-editor\" data-id=\"f860ec2\" data-element_type=\"widget\" data-widget_type=\"text-editor.default\">\n\t\t\t\t\t\t\t\t\t<p>Maquillage, manucure &amp; tendances : tout savoir<\/p>\t\t\t\t\t\t\t\t<\/div>\n\t\t\t\t<div class=\"elementor-element elementor-element-95b03a7 elementor-widget elementor-widget-text-editor\" data-id=\"95b03a7\" data-element_type=\"widget\" data-widget_type=\"text-editor.default\">\n\t\t\t\t\t\t\t\t\t<p>Des contenus pens\u00e9s pour vous accompagner dans votre routine beaut\u00e9.<\/p>\t\t\t\t\t\t\t\t<\/div>\n\t\t\t\t<\/div>\n\t\t\t\t<\/div>\n\t\t\t\t\t<\/div>\n\t\t\t\t<\/div>\n\t\t<div class=\"elementor-element elementor-element-8f76d63 e-flex e-con-boxed e-con e-parent\" data-id=\"8f76d63\" data-element_type=\"container\">\n\t\t\t\t\t<div class=\"e-con-inner\">\n\t\t<div class=\"elementor-element elementor-element-000bb10 e-con-full e-flex e-con e-child\" data-id=\"000bb10\" data-element_type=\"container\">\n\t\t\t\t<div class=\"elementor-element elementor-element-4c7bf83 elementor-widget elementor-widget-image\" data-id=\"4c7bf83\" data-element_type=\"widget\" data-widget_type=\"image.default\">\n\t\t\t\t\t\t\t\t\t\t\t\t\t\t\t<img fetchpriority=\"high\" decoding=\"async\" width=\"275\" height=\"300\" src=\"https:\/\/mmi24d07.mmi-troyes.fr\/sae302\/wp-content\/uploads\/2025\/12\/7a67eeae9b862308056a5761f7cec17d-1-275x300.png\" class=\"attachment-medium size-medium wp-image-410\" alt=\"\" srcset=\"https:\/\/mmi24d07.mmi-troyes.fr\/sae302\/wp-content\/uploads\/2025\/12\/7a67eeae9b862308056a5761f7cec17d-1-275x300.png 275w, https:\/\/mmi24d07.mmi-troyes.fr\/sae302\/wp-content\/uploads\/2025\/12\/7a67eeae9b862308056a5761f7cec17d-1.png 720w\" sizes=\"(max-width: 275px) 100vw, 275px\" \/>\t\t\t\t\t\t\t\t\t\t\t\t\t\t\t<\/div>\n\t\t\t\t<\/div>\n\t\t<div class=\"elementor-element elementor-element-88acd3e e-con-full e-flex e-con e-child\" data-id=\"88acd3e\" data-element_type=\"container\">\n\t\t\t\t<div class=\"elementor-element elementor-element-8e0734b elementor-widget elementor-widget-heading\" data-id=\"8e0734b\" data-element_type=\"widget\" data-widget_type=\"heading.default\">\n\t\t\t\t\t<h2 class=\"elementor-heading-title elementor-size-default\">Les tendances maquillage 2025<\/h2>\t\t\t\t<\/div>\n\t\t\t\t<div class=\"elementor-element elementor-element-bd9455b elementor-widget elementor-widget-text-editor\" data-id=\"bd9455b\" data-element_type=\"widget\" data-widget_type=\"text-editor.default\">\n\t\t\t\t\t\t\t\t\t<p>Les looks qui vont dominer 2025 sont d\u00e9j\u00e0 l\u00e0 \u2014 et ils risquent bien de vous surprendre.\u00a0Couleurs \u00e9clatantes, textures glossy, peau ultra-lumineuse\u2026 Les maquilleurs d\u00e9voilent des tendances qui r\u00e9inventent compl\u00e8tement notre routine. Quels styles adopter cette ann\u00e9e ? Comment les porter au quotidien sans en faire trop ?\u2028\ud83d\udc49\u00a0Un aper\u00e7u inspirant des tendances qui feront toute la diff\u00e9rence.<\/p>\t\t\t\t\t\t\t\t<\/div>\n\t\t\t\t<div class=\"elementor-element elementor-element-f0b9a00 elementor-widget elementor-widget-button\" data-id=\"f0b9a00\" data-element_type=\"widget\" data-widget_type=\"button.default\">\n\t\t\t\t\t\t\t\t\t\t<a class=\"elementor-button elementor-button-link elementor-size-sm\" href=\"https:\/\/mmi24d07.mmi-troyes.fr\/sae302\/les-tendances-maquillage-2025\/\">\n\t\t\t\t\t\t<span class=\"elementor-button-content-wrapper\">\n\t\t\t\t\t\t\t\t\t<span class=\"elementor-button-text\">Lire l'article<\/span>\n\t\t\t\t\t<\/span>\n\t\t\t\t\t<\/a>\n\t\t\t\t\t\t\t\t<\/div>\n\t\t\t\t<\/div>\n\t\t\t\t\t<\/div>\n\t\t\t\t<\/div>\n\t\t<div class=\"elementor-element elementor-element-fb90f1a e-flex e-con-boxed e-con e-parent\" data-id=\"fb90f1a\" data-element_type=\"container\">\n\t\t\t\t\t<div class=\"e-con-inner\">\n\t\t<div class=\"elementor-element elementor-element-0febac9 e-con-full e-flex e-con e-child\" data-id=\"0febac9\" data-element_type=\"container\">\n\t\t\t\t<div class=\"elementor-element elementor-element-8e1ec2e elementor-widget elementor-widget-heading\" data-id=\"8e1ec2e\" data-element_type=\"widget\" data-widget_type=\"heading.default\">\n\t\t\t\t\t<h2 class=\"elementor-heading-title elementor-size-default\">Tout savoir sur l\u2019interdiction du TPO<\/h2>\t\t\t\t<\/div>\n\t\t\t\t<div class=\"elementor-element elementor-element-591d312 elementor-widget elementor-widget-text-editor\" data-id=\"591d312\" data-element_type=\"widget\" data-widget_type=\"text-editor.default\">\n\t\t\t\t\t\t\t\t\t<p>Le TPO, un ingr\u00e9dient longtemps utilis\u00e9 dans les vernis semi-permanents, vient d\u2019\u00eatre officiellement interdit.Pourquoi cette d\u00e9cision ? Quels risques \u00e9taient li\u00e9s \u00e0 ce composant ? Et surtout : comment les marques reformulent leurs produits pour garantir s\u00e9curit\u00e9 et tenue irr\u00e9prochable?\u2028\ud83d\udc49\u00a0Un d\u00e9cryptage essentiel pour comprendre ce changement majeur dans l\u2019univers de la manucure.<\/p>\t\t\t\t\t\t\t\t<\/div>\n\t\t\t\t<div class=\"elementor-element elementor-element-56c268d elementor-align-right elementor-widget elementor-widget-button\" data-id=\"56c268d\" data-element_type=\"widget\" data-widget_type=\"button.default\">\n\t\t\t\t\t\t\t\t\t\t<a class=\"elementor-button elementor-button-link elementor-size-sm\" href=\"https:\/\/mmi24d07.mmi-troyes.fr\/sae302\/tout-savoir-sur-linterdiction-du-tpo\/\">\n\t\t\t\t\t\t<span class=\"elementor-button-content-wrapper\">\n\t\t\t\t\t\t\t\t\t<span class=\"elementor-button-text\">Lire l'article<\/span>\n\t\t\t\t\t<\/span>\n\t\t\t\t\t<\/a>\n\t\t\t\t\t\t\t\t<\/div>\n\t\t\t\t<\/div>\n\t\t<div class=\"elementor-element elementor-element-5da0479 e-con-full e-flex e-con e-child\" data-id=\"5da0479\" data-element_type=\"container\">\n\t\t\t\t<div class=\"elementor-element elementor-element-0804322 elementor-widget elementor-widget-image\" data-id=\"0804322\" data-element_type=\"widget\" data-widget_type=\"image.default\">\n\t\t\t\t\t\t\t\t\t\t\t\t\t\t\t<img decoding=\"async\" width=\"272\" height=\"300\" src=\"https:\/\/mmi24d07.mmi-troyes.fr\/sae302\/wp-content\/uploads\/2025\/12\/0c61f838de076d285f969aefc2949009-1-272x300.png\" class=\"attachment-medium size-medium wp-image-412\" alt=\"\" srcset=\"https:\/\/mmi24d07.mmi-troyes.fr\/sae302\/wp-content\/uploads\/2025\/12\/0c61f838de076d285f969aefc2949009-1-272x300.png 272w, https:\/\/mmi24d07.mmi-troyes.fr\/sae302\/wp-content\/uploads\/2025\/12\/0c61f838de076d285f969aefc2949009-1.png 715w\" sizes=\"(max-width: 272px) 100vw, 272px\" \/>\t\t\t\t\t\t\t\t\t\t\t\t\t\t\t<\/div>\n\t\t\t\t<\/div>\n\t\t\t\t\t<\/div>\n\t\t\t\t<\/div>\n\t\t\t\t<\/div>\n\t\t","protected":false},"excerpt":{"rendered":"<p>Maquillage, manucure &amp; tendances : tout savoir Des contenus pens\u00e9s pour vous accompagner dans votre routine beaut\u00e9. Les tendances maquillage 2025 Les looks qui vont dominer 2025 sont d\u00e9j\u00e0 l\u00e0 \u2014 et ils risquent bien de vous surprendre.\u00a0Couleurs \u00e9clatantes, textures glossy, peau ultra-lumineuse\u2026 Les maquilleurs d\u00e9voilent des tendances qui r\u00e9inventent compl\u00e8tement notre routine. Quels styles [&hellip;]<\/p>\n","protected":false},"author":1,"featured_media":0,"parent":0,"menu_order":0,"comment_status":"closed","ping_status":"closed","template":"","meta":{"_acf_changed":false,"footnotes":""},"class_list":["post-120","page","type-page","status-publish","hentry"],"acf":[],"yoast_head":"<!-- This site is optimized with the Yoast SEO plugin v26.6 - https:\/\/yoast.com\/wordpress\/plugins\/seo\/ -->\n<title>Infos - Site de Laur\u00e8ne<\/title>\n<meta name=\"robots\" content=\"index, follow, max-snippet:-1, max-image-preview:large, max-video-preview:-1\" \/>\n<link rel=\"canonical\" href=\"https:\/\/mmi24d07.mmi-troyes.fr\/sae302\/infos\/\" \/>\n<meta property=\"og:locale\" content=\"fr_FR\" \/>\n<meta property=\"og:type\" content=\"article\" \/>\n<meta property=\"og:title\" content=\"Infos - Site de Laur\u00e8ne\" \/>\n<meta property=\"og:description\" content=\"Maquillage, manucure &amp; tendances : tout savoir Des contenus pens\u00e9s pour vous accompagner dans votre routine beaut\u00e9. Les tendances maquillage 2025 Les looks qui vont dominer 2025 sont d\u00e9j\u00e0 l\u00e0 \u2014 et ils risquent bien de vous surprendre.\u00a0Couleurs \u00e9clatantes, textures glossy, peau ultra-lumineuse\u2026 Les maquilleurs d\u00e9voilent des tendances qui r\u00e9inventent compl\u00e8tement notre routine. Quels styles [&hellip;]\" \/>\n<meta property=\"og:url\" content=\"https:\/\/mmi24d07.mmi-troyes.fr\/sae302\/infos\/\" \/>\n<meta property=\"og:site_name\" content=\"Site de Laur\u00e8ne\" \/>\n<meta property=\"article:modified_time\" content=\"2025-12-19T13:29:08+00:00\" \/>\n<meta property=\"og:image\" content=\"https:\/\/mmi24d07.mmi-troyes.fr\/sae302\/wp-content\/uploads\/2025\/12\/7a67eeae9b862308056a5761f7cec17d-1.png\" \/>\n\t<meta property=\"og:image:width\" content=\"720\" \/>\n\t<meta property=\"og:image:height\" content=\"786\" \/>\n\t<meta property=\"og:image:type\" content=\"image\/png\" \/>\n<meta name=\"twitter:card\" content=\"summary_large_image\" \/>\n<meta name=\"twitter:label1\" content=\"Est. reading time\" \/>\n\t<meta name=\"twitter:data1\" content=\"1 minute\" \/>\n<script type=\"application\/ld+json\" class=\"yoast-schema-graph\">{\"@context\":\"https:\/\/schema.org\",\"@graph\":[{\"@type\":\"WebPage\",\"@id\":\"https:\/\/mmi24d07.mmi-troyes.fr\/sae302\/infos\/\",\"url\":\"https:\/\/mmi24d07.mmi-troyes.fr\/sae302\/infos\/\",\"name\":\"Infos - Site de Laur\u00e8ne\",\"isPartOf\":{\"@id\":\"https:\/\/mmi24d07.mmi-troyes.fr\/sae302\/#website\"},\"primaryImageOfPage\":{\"@id\":\"https:\/\/mmi24d07.mmi-troyes.fr\/sae302\/infos\/#primaryimage\"},\"image\":{\"@id\":\"https:\/\/mmi24d07.mmi-troyes.fr\/sae302\/infos\/#primaryimage\"},\"thumbnailUrl\":\"https:\/\/mmi24d07.mmi-troyes.fr\/sae302\/wp-content\/uploads\/2025\/12\/7a67eeae9b862308056a5761f7cec17d-1-275x300.png\",\"datePublished\":\"2025-11-17T12:38:33+00:00\",\"dateModified\":\"2025-12-19T13:29:08+00:00\",\"breadcrumb\":{\"@id\":\"https:\/\/mmi24d07.mmi-troyes.fr\/sae302\/infos\/#breadcrumb\"},\"inLanguage\":\"fr-FR\",\"potentialAction\":[{\"@type\":\"ReadAction\",\"target\":[\"https:\/\/mmi24d07.mmi-troyes.fr\/sae302\/infos\/\"]}]},{\"@type\":\"ImageObject\",\"inLanguage\":\"fr-FR\",\"@id\":\"https:\/\/mmi24d07.mmi-troyes.fr\/sae302\/infos\/#primaryimage\",\"url\":\"https:\/\/mmi24d07.mmi-troyes.fr\/sae302\/wp-content\/uploads\/2025\/12\/7a67eeae9b862308056a5761f7cec17d-1.png\",\"contentUrl\":\"https:\/\/mmi24d07.mmi-troyes.fr\/sae302\/wp-content\/uploads\/2025\/12\/7a67eeae9b862308056a5761f7cec17d-1.png\",\"width\":720,\"height\":786},{\"@type\":\"BreadcrumbList\",\"@id\":\"https:\/\/mmi24d07.mmi-troyes.fr\/sae302\/infos\/#breadcrumb\",\"itemListElement\":[{\"@type\":\"ListItem\",\"position\":1,\"name\":\"Home\",\"item\":\"https:\/\/mmi24d07.mmi-troyes.fr\/sae302\/\"},{\"@type\":\"ListItem\",\"position\":2,\"name\":\"Infos\"}]},{\"@type\":\"WebSite\",\"@id\":\"https:\/\/mmi24d07.mmi-troyes.fr\/sae302\/#website\",\"url\":\"https:\/\/mmi24d07.mmi-troyes.fr\/sae302\/\",\"name\":\"Site de Laur\u00e8ne\",\"description\":\"\",\"publisher\":{\"@id\":\"https:\/\/mmi24d07.mmi-troyes.fr\/sae302\/#organization\"},\"potentialAction\":[{\"@type\":\"SearchAction\",\"target\":{\"@type\":\"EntryPoint\",\"urlTemplate\":\"https:\/\/mmi24d07.mmi-troyes.fr\/sae302\/?s={search_term_string}\"},\"query-input\":{\"@type\":\"PropertyValueSpecification\",\"valueRequired\":true,\"valueName\":\"search_term_string\"}}],\"inLanguage\":\"fr-FR\"},{\"@type\":\"Organization\",\"@id\":\"https:\/\/mmi24d07.mmi-troyes.fr\/sae302\/#organization\",\"name\":\"Site de Laur\u00e8ne\",\"url\":\"https:\/\/mmi24d07.mmi-troyes.fr\/sae302\/\",\"logo\":{\"@type\":\"ImageObject\",\"inLanguage\":\"fr-FR\",\"@id\":\"https:\/\/mmi24d07.mmi-troyes.fr\/sae302\/#\/schema\/logo\/image\/\",\"url\":\"https:\/\/mmi24d07.mmi-troyes.fr\/sae302\/wp-content\/uploads\/2025\/11\/logo-lunea-2-scaled.png\",\"contentUrl\":\"https:\/\/mmi24d07.mmi-troyes.fr\/sae302\/wp-content\/uploads\/2025\/11\/logo-lunea-2-scaled.png\",\"width\":2560,\"height\":2560,\"caption\":\"Site de Laur\u00e8ne\"},\"image\":{\"@id\":\"https:\/\/mmi24d07.mmi-troyes.fr\/sae302\/#\/schema\/logo\/image\/\"}}]}<\/script>\n<!-- \/ Yoast SEO plugin. -->","yoast_head_json":{"title":"Infos - Site de Laur\u00e8ne","robots":{"index":"index","follow":"follow","max-snippet":"max-snippet:-1","max-image-preview":"max-image-preview:large","max-video-preview":"max-video-preview:-1"},"canonical":"https:\/\/mmi24d07.mmi-troyes.fr\/sae302\/infos\/","og_locale":"fr_FR","og_type":"article","og_title":"Infos - Site de Laur\u00e8ne","og_description":"Maquillage, manucure &amp; tendances : tout savoir Des contenus pens\u00e9s pour vous accompagner dans votre routine beaut\u00e9. Les tendances maquillage 2025 Les looks qui vont dominer 2025 sont d\u00e9j\u00e0 l\u00e0 \u2014 et ils risquent bien de vous surprendre.\u00a0Couleurs \u00e9clatantes, textures glossy, peau ultra-lumineuse\u2026 Les maquilleurs d\u00e9voilent des tendances qui r\u00e9inventent compl\u00e8tement notre routine. Quels styles [&hellip;]","og_url":"https:\/\/mmi24d07.mmi-troyes.fr\/sae302\/infos\/","og_site_name":"Site de Laur\u00e8ne","article_modified_time":"2025-12-19T13:29:08+00:00","og_image":[{"width":720,"height":786,"url":"https:\/\/mmi24d07.mmi-troyes.fr\/sae302\/wp-content\/uploads\/2025\/12\/7a67eeae9b862308056a5761f7cec17d-1.png","type":"image\/png"}],"twitter_card":"summary_large_image","twitter_misc":{"Est. reading time":"1 minute"},"schema":{"@context":"https:\/\/schema.org","@graph":[{"@type":"WebPage","@id":"https:\/\/mmi24d07.mmi-troyes.fr\/sae302\/infos\/","url":"https:\/\/mmi24d07.mmi-troyes.fr\/sae302\/infos\/","name":"Infos - Site de Laur\u00e8ne","isPartOf":{"@id":"https:\/\/mmi24d07.mmi-troyes.fr\/sae302\/#website"},"primaryImageOfPage":{"@id":"https:\/\/mmi24d07.mmi-troyes.fr\/sae302\/infos\/#primaryimage"},"image":{"@id":"https:\/\/mmi24d07.mmi-troyes.fr\/sae302\/infos\/#primaryimage"},"thumbnailUrl":"https:\/\/mmi24d07.mmi-troyes.fr\/sae302\/wp-content\/uploads\/2025\/12\/7a67eeae9b862308056a5761f7cec17d-1-275x300.png","datePublished":"2025-11-17T12:38:33+00:00","dateModified":"2025-12-19T13:29:08+00:00","breadcrumb":{"@id":"https:\/\/mmi24d07.mmi-troyes.fr\/sae302\/infos\/#breadcrumb"},"inLanguage":"fr-FR","potentialAction":[{"@type":"ReadAction","target":["https:\/\/mmi24d07.mmi-troyes.fr\/sae302\/infos\/"]}]},{"@type":"ImageObject","inLanguage":"fr-FR","@id":"https:\/\/mmi24d07.mmi-troyes.fr\/sae302\/infos\/#primaryimage","url":"https:\/\/mmi24d07.mmi-troyes.fr\/sae302\/wp-content\/uploads\/2025\/12\/7a67eeae9b862308056a5761f7cec17d-1.png","contentUrl":"https:\/\/mmi24d07.mmi-troyes.fr\/sae302\/wp-content\/uploads\/2025\/12\/7a67eeae9b862308056a5761f7cec17d-1.png","width":720,"height":786},{"@type":"BreadcrumbList","@id":"https:\/\/mmi24d07.mmi-troyes.fr\/sae302\/infos\/#breadcrumb","itemListElement":[{"@type":"ListItem","position":1,"name":"Home","item":"https:\/\/mmi24d07.mmi-troyes.fr\/sae302\/"},{"@type":"ListItem","position":2,"name":"Infos"}]},{"@type":"WebSite","@id":"https:\/\/mmi24d07.mmi-troyes.fr\/sae302\/#website","url":"https:\/\/mmi24d07.mmi-troyes.fr\/sae302\/","name":"Site de Laur\u00e8ne","description":"","publisher":{"@id":"https:\/\/mmi24d07.mmi-troyes.fr\/sae302\/#organization"},"potentialAction":[{"@type":"SearchAction","target":{"@type":"EntryPoint","urlTemplate":"https:\/\/mmi24d07.mmi-troyes.fr\/sae302\/?s={search_term_string}"},"query-input":{"@type":"PropertyValueSpecification","valueRequired":true,"valueName":"search_term_string"}}],"inLanguage":"fr-FR"},{"@type":"Organization","@id":"https:\/\/mmi24d07.mmi-troyes.fr\/sae302\/#organization","name":"Site de Laur\u00e8ne","url":"https:\/\/mmi24d07.mmi-troyes.fr\/sae302\/","logo":{"@type":"ImageObject","inLanguage":"fr-FR","@id":"https:\/\/mmi24d07.mmi-troyes.fr\/sae302\/#\/schema\/logo\/image\/","url":"https:\/\/mmi24d07.mmi-troyes.fr\/sae302\/wp-content\/uploads\/2025\/11\/logo-lunea-2-scaled.png","contentUrl":"https:\/\/mmi24d07.mmi-troyes.fr\/sae302\/wp-content\/uploads\/2025\/11\/logo-lunea-2-scaled.png","width":2560,"height":2560,"caption":"Site de Laur\u00e8ne"},"image":{"@id":"https:\/\/mmi24d07.mmi-troyes.fr\/sae302\/#\/schema\/logo\/image\/"}}]}},"_links":{"self":[{"href":"https:\/\/mmi24d07.mmi-troyes.fr\/sae302\/wp-json\/wp\/v2\/pages\/120","targetHints":{"allow":["GET"]}}],"collection":[{"href":"https:\/\/mmi24d07.mmi-troyes.fr\/sae302\/wp-json\/wp\/v2\/pages"}],"about":[{"href":"https:\/\/mmi24d07.mmi-troyes.fr\/sae302\/wp-json\/wp\/v2\/types\/page"}],"author":[{"embeddable":true,"href":"https:\/\/mmi24d07.mmi-troyes.fr\/sae302\/wp-json\/wp\/v2\/users\/1"}],"replies":[{"embeddable":true,"href":"https:\/\/mmi24d07.mmi-troyes.fr\/sae302\/wp-json\/wp\/v2\/comments?post=120"}],"version-history":[{"count":46,"href":"https:\/\/mmi24d07.mmi-troyes.fr\/sae302\/wp-json\/wp\/v2\/pages\/120\/revisions"}],"predecessor-version":[{"id":718,"href":"https:\/\/mmi24d07.mmi-troyes.fr\/sae302\/wp-json\/wp\/v2\/pages\/120\/revisions\/718"}],"wp:attachment":[{"href":"https:\/\/mmi24d07.mmi-troyes.fr\/sae302\/wp-json\/wp\/v2\/media?parent=120"}],"curies":[{"name":"wp","href":"https:\/\/api.w.org\/{rel}","templated":true}]}}